{"id":15,"date":"2025-11-16T18:10:43","date_gmt":"2025-11-16T17:10:43","guid":{"rendered":"https:\/\/miedzyparkami.eu\/?page_id=15"},"modified":"2026-01-08T23:08:31","modified_gmt":"2026-01-08T22:08:31","slug":"sekcja-strony-glownej","status":"publish","type":"page","link":"http:\/\/miedzyparkami.eu\/index.php\/sekcja-strony-glownej\/","title":{"rendered":"RESTAURACJA"},"content":{"rendered":"\n<p><strong>Mi\u0119dzy Parkami \u2013 kulinarna podr\u00f3\u017c po polskich smakach!<\/strong><\/p>\n\n\n\n<p>W naszej restauracji serwujemy wyj\u0105tkowe dania z ryb, w tym karpia milickiego, sandacza, dorsza i okonia. Nasza kuchnia to ho\u0142d dla polskich tradycji, gdzie \u015bwie\u017ce, lokalne sk\u0142adniki \u0142\u0105cz\u0105 si\u0119 z wyj\u0105tkowymi recepturami. Zapraszamy do delektowania si\u0119 bogactwem smak\u00f3w i aromat\u00f3w naszej kuchni regionalnej.<\/p>\n\n\n\n<p>&#x1f4de; Restauracja \u2013 tel. 71 38 30 012<\/p>\n\n\n\n<div class=\"wp-block-blockspare-blockspare-slider blockspare-fa5a180d-3ad8-4\" blockspare-animation=\"\"><style>.blockspare-fa5a180d-3ad8-4 .blockspare-slider-wrap span:before{color:#000}.blockspare-fa5a180d-3ad8-4 .blockspare-slider-wrap ul li button{color:#000}.blockspare-fa5a180d-3ad8-4 .blockspare-slider-wrap .slick-slider .slick-dots > li button{background-color:#000}.blockspare-fa5a180d-3ad8-4 .blockspare-slider-wrap .blockspare-gallery-figure{border-radius:0px}.blockspare-fa5a180d-3ad8-4 .slick-slider .slick-arrow:after{background-color:#fff}.blockspare-fa5a180d-3ad8-4 .blockspare-slider-wrap{margin-top:30px;margin-right:0px;margin-bottom:30px;margin-left:0px}<\/style><div class=\"blockspare-blocks blockspare-slider-wrap has-gutter-space-1 blockspare-original lpc-navigation-1 blockspare-navigation-small bs-has-equal-height\"><div class=\"blockspare-carousel-items\"><div data-next=\"fas fa-chevron-right\" data-prev=\"fas fa-chevron-left\" data-slick=\"{&quot;autoplay&quot;:true,&quot;slidesToShow&quot;:1,&quot;speed&quot;:&quot;1000&quot;,&quot;arrows&quot;:true,&quot;dots&quot;:false}\"><div><div class=\"blockspare-gallery-figure blockspare-hover-item\"> <img decoding=\"async\" src=\"http:\/\/miedzyparkami.eu\/wp-content\/uploads\/2025\/11\/579643668_1581385663217391_4581785591718135205_n.jpg\"\/><\/div><\/div><div><div class=\"blockspare-gallery-figure blockspare-hover-item\"> <img decoding=\"async\" src=\"http:\/\/miedzyparkami.eu\/wp-content\/uploads\/2025\/11\/571632080_1575048943851063_8452633165183090204_n.jpg\"\/><\/div><\/div><div><div class=\"blockspare-gallery-figure blockspare-hover-item\"> <img decoding=\"async\" src=\"http:\/\/miedzyparkami.eu\/wp-content\/uploads\/2025\/11\/579944846_1581385713217386_5456080422857524362_n.jpg\"\/><\/div><\/div><div><div class=\"blockspare-gallery-figure blockspare-hover-item\"> <img decoding=\"async\" src=\"http:\/\/miedzyparkami.eu\/wp-content\/uploads\/2025\/11\/544802629_1523772338978724_4014225796857670577_n-1.jpg\"\/><\/div><\/div><div><div class=\"blockspare-gallery-figure blockspare-hover-item\"> <img decoding=\"async\" src=\"http:\/\/miedzyparkami.eu\/wp-content\/uploads\/2025\/11\/539777958_1517249122964379_7082157407713096571_n.jpg\"\/><\/div><\/div><\/div><\/div><\/div><\/div>\n\n\n\n<div class=\"wp-block-uagb-separator uagb-block-7097d4b5\"><div class=\"wp-block-uagb-separator__inner\" style=\"--my-background-image:\"><\/div><\/div>\n\n\n\n<header class=\"wp-block-uagb-advanced-heading uagb-block-c72fd5b7\"><h2 class=\"uagb-heading-text\"><strong>MENU<\/strong><\/h2><\/header>\n\n\n\n<figure class=\"wp-block-gallery has-nested-images columns-default is-cropped wp-block-gallery-1 is-layout-flex wp-block-gallery-is-layout-flex\">\n<figure data-wp-context=\"{&quot;imageId&quot;:&quot;69e23c39e82d7&quot;}\" data-wp-interactive=\"core\/image\" data-wp-key=\"69e23c39e82d7\" class=\"wp-block-image size-large wp-lightbox-container\"><img loading=\"lazy\" decoding=\"async\" width=\"730\" height=\"1024\" data-wp-class--hide=\"state.isContentHidden\" data-wp-class--show=\"state.isContentVisible\" data-wp-init=\"callbacks.setButtonStyles\" data-wp-on--click=\"actions.showLightbox\" data-wp-on--load=\"callbacks.setButtonStyles\" data-wp-on-window--resize=\"callbacks.setButtonStyles\" data-id=\"129\" src=\"https:\/\/miedzyparkami.eu\/wp-content\/uploads\/2025\/11\/Menu-twarda-okladka-KRZYWE_page-0003-730x1024.jpg\" alt=\"\" class=\"wp-image-129\" srcset=\"http:\/\/miedzyparkami.eu\/wp-content\/uploads\/2025\/11\/Menu-twarda-okladka-KRZYWE_page-0003-730x1024.jpg 730w, http:\/\/miedzyparkami.eu\/wp-content\/uploads\/2025\/11\/Menu-twarda-okladka-KRZYWE_page-0003-214x300.jpg 214w, http:\/\/miedzyparkami.eu\/wp-content\/uploads\/2025\/11\/Menu-twarda-okladka-KRZYWE_page-0003-768x1077.jpg 768w, http:\/\/miedzyparkami.eu\/wp-content\/uploads\/2025\/11\/Menu-twarda-okladka-KRZYWE_page-0003-1095x1536.jpg 1095w, http:\/\/miedzyparkami.eu\/wp-content\/uploads\/2025\/11\/Menu-twarda-okladka-KRZYWE_page-0003.jpg 1278w\" sizes=\"auto, (max-width: 730px) 100vw, 730px\" \/><button\n\t\t\tclass=\"lightbox-trigger\"\n\t\t\ttype=\"button\"\n\t\t\taria-haspopup=\"dialog\"\n\t\t\taria-label=\"Powi\u0119ksz\"\n\t\t\tdata-wp-init=\"callbacks.initTriggerButton\"\n\t\t\tdata-wp-on--click=\"actions.showLightbox\"\n\t\t\tdata-wp-style--right=\"state.imageButtonRight\"\n\t\t\tdata-wp-style--top=\"state.imageButtonTop\"\n\t\t>\n\t\t\t<svg xmlns=\"http:\/\/www.w3.org\/2000\/svg\" width=\"12\" height=\"12\" fill=\"none\" viewBox=\"0 0 12 12\">\n\t\t\t\t<path fill=\"#fff\" d=\"M2 0a2 2 0 0 0-2 2v2h1.5V2a.5.5 0 0 1 .5-.5h2V0H2Zm2 10.5H2a.5.5 0 0 1-.5-.5V8H0v2a2 2 0 0 0 2 2h2v-1.5ZM8 12v-1.5h2a.5.5 0 0 0 .5-.5V8H12v2a2 2 0 0 1-2 2H8Zm2-12a2 2 0 0 1 2 2v2h-1.5V2a.5.5 0 0 0-.5-.5H8V0h2Z\" \/>\n\t\t\t<\/svg>\n\t\t<\/button><\/figure>\n\n\n\n<figure data-wp-context=\"{&quot;imageId&quot;:&quot;69e23c39e8fb7&quot;}\" data-wp-interactive=\"core\/image\" data-wp-key=\"69e23c39e8fb7\" class=\"wp-block-image size-large wp-lightbox-container\"><img loading=\"lazy\" decoding=\"async\" width=\"730\" height=\"1024\" data-wp-class--hide=\"state.isContentHidden\" data-wp-class--show=\"state.isContentVisible\" data-wp-init=\"callbacks.setButtonStyles\" data-wp-on--click=\"actions.showLightbox\" data-wp-on--load=\"callbacks.setButtonStyles\" data-wp-on-window--resize=\"callbacks.setButtonStyles\" data-id=\"133\" src=\"https:\/\/miedzyparkami.eu\/wp-content\/uploads\/2025\/11\/Menu-twarda-okladka-KRZYWE_page-0002-730x1024.jpg\" alt=\"\" class=\"wp-image-133\" srcset=\"http:\/\/miedzyparkami.eu\/wp-content\/uploads\/2025\/11\/Menu-twarda-okladka-KRZYWE_page-0002-730x1024.jpg 730w, http:\/\/miedzyparkami.eu\/wp-content\/uploads\/2025\/11\/Menu-twarda-okladka-KRZYWE_page-0002-214x300.jpg 214w, http:\/\/miedzyparkami.eu\/wp-content\/uploads\/2025\/11\/Menu-twarda-okladka-KRZYWE_page-0002-768x1077.jpg 768w, http:\/\/miedzyparkami.eu\/wp-content\/uploads\/2025\/11\/Menu-twarda-okladka-KRZYWE_page-0002-1095x1536.jpg 1095w, http:\/\/miedzyparkami.eu\/wp-content\/uploads\/2025\/11\/Menu-twarda-okladka-KRZYWE_page-0002.jpg 1278w\" sizes=\"auto, (max-width: 730px) 100vw, 730px\" \/><button\n\t\t\tclass=\"lightbox-trigger\"\n\t\t\ttype=\"button\"\n\t\t\taria-haspopup=\"dialog\"\n\t\t\taria-label=\"Powi\u0119ksz\"\n\t\t\tdata-wp-init=\"callbacks.initTriggerButton\"\n\t\t\tdata-wp-on--click=\"actions.showLightbox\"\n\t\t\tdata-wp-style--right=\"state.imageButtonRight\"\n\t\t\tdata-wp-style--top=\"state.imageButtonTop\"\n\t\t>\n\t\t\t<svg xmlns=\"http:\/\/www.w3.org\/2000\/svg\" width=\"12\" height=\"12\" fill=\"none\" viewBox=\"0 0 12 12\">\n\t\t\t\t<path fill=\"#fff\" d=\"M2 0a2 2 0 0 0-2 2v2h1.5V2a.5.5 0 0 1 .5-.5h2V0H2Zm2 10.5H2a.5.5 0 0 1-.5-.5V8H0v2a2 2 0 0 0 2 2h2v-1.5ZM8 12v-1.5h2a.5.5 0 0 0 .5-.5V8H12v2a2 2 0 0 1-2 2H8Zm2-12a2 2 0 0 1 2 2v2h-1.5V2a.5.5 0 0 0-.5-.5H8V0h2Z\" \/>\n\t\t\t<\/svg>\n\t\t<\/button><\/figure>\n\n\n\n<figure data-wp-context=\"{&quot;imageId&quot;:&quot;69e23c39e954a&quot;}\" data-wp-interactive=\"core\/image\" data-wp-key=\"69e23c39e954a\" class=\"wp-block-image size-large wp-lightbox-container\"><img loading=\"lazy\" decoding=\"async\" width=\"730\" height=\"1024\" data-wp-class--hide=\"state.isContentHidden\" data-wp-class--show=\"state.isContentVisible\" data-wp-init=\"callbacks.setButtonStyles\" data-wp-on--click=\"actions.showLightbox\" data-wp-on--load=\"callbacks.setButtonStyles\" data-wp-on-window--resize=\"callbacks.setButtonStyles\" data-id=\"128\" src=\"https:\/\/miedzyparkami.eu\/wp-content\/uploads\/2025\/11\/Menu-twarda-okladka-KRZYWE_page-0001-730x1024.jpg\" alt=\"\" class=\"wp-image-128\" srcset=\"http:\/\/miedzyparkami.eu\/wp-content\/uploads\/2025\/11\/Menu-twarda-okladka-KRZYWE_page-0001-730x1024.jpg 730w, http:\/\/miedzyparkami.eu\/wp-content\/uploads\/2025\/11\/Menu-twarda-okladka-KRZYWE_page-0001-214x300.jpg 214w, http:\/\/miedzyparkami.eu\/wp-content\/uploads\/2025\/11\/Menu-twarda-okladka-KRZYWE_page-0001-768x1077.jpg 768w, http:\/\/miedzyparkami.eu\/wp-content\/uploads\/2025\/11\/Menu-twarda-okladka-KRZYWE_page-0001-1095x1536.jpg 1095w, http:\/\/miedzyparkami.eu\/wp-content\/uploads\/2025\/11\/Menu-twarda-okladka-KRZYWE_page-0001.jpg 1278w\" sizes=\"auto, (max-width: 730px) 100vw, 730px\" \/><button\n\t\t\tclass=\"lightbox-trigger\"\n\t\t\ttype=\"button\"\n\t\t\taria-haspopup=\"dialog\"\n\t\t\taria-label=\"Powi\u0119ksz\"\n\t\t\tdata-wp-init=\"callbacks.initTriggerButton\"\n\t\t\tdata-wp-on--click=\"actions.showLightbox\"\n\t\t\tdata-wp-style--right=\"state.imageButtonRight\"\n\t\t\tdata-wp-style--top=\"state.imageButtonTop\"\n\t\t>\n\t\t\t<svg xmlns=\"http:\/\/www.w3.org\/2000\/svg\" width=\"12\" height=\"12\" fill=\"none\" viewBox=\"0 0 12 12\">\n\t\t\t\t<path fill=\"#fff\" d=\"M2 0a2 2 0 0 0-2 2v2h1.5V2a.5.5 0 0 1 .5-.5h2V0H2Zm2 10.5H2a.5.5 0 0 1-.5-.5V8H0v2a2 2 0 0 0 2 2h2v-1.5ZM8 12v-1.5h2a.5.5 0 0 0 .5-.5V8H12v2a2 2 0 0 1-2 2H8Zm2-12a2 2 0 0 1 2 2v2h-1.5V2a.5.5 0 0 0-.5-.5H8V0h2Z\" \/>\n\t\t\t<\/svg>\n\t\t<\/button><\/figure>\n\n\n\n<figure data-wp-context=\"{&quot;imageId&quot;:&quot;69e23c39e9a99&quot;}\" data-wp-interactive=\"core\/image\" data-wp-key=\"69e23c39e9a99\" class=\"wp-block-image size-large wp-lightbox-container\"><img loading=\"lazy\" decoding=\"async\" width=\"730\" height=\"1024\" data-wp-class--hide=\"state.isContentHidden\" data-wp-class--show=\"state.isContentVisible\" data-wp-init=\"callbacks.setButtonStyles\" data-wp-on--click=\"actions.showLightbox\" data-wp-on--load=\"callbacks.setButtonStyles\" data-wp-on-window--resize=\"callbacks.setButtonStyles\" data-id=\"132\" src=\"https:\/\/miedzyparkami.eu\/wp-content\/uploads\/2025\/11\/Menu-twarda-okladka-KRZYWE_page-0006-730x1024.jpg\" alt=\"\" class=\"wp-image-132\" srcset=\"http:\/\/miedzyparkami.eu\/wp-content\/uploads\/2025\/11\/Menu-twarda-okladka-KRZYWE_page-0006-730x1024.jpg 730w, http:\/\/miedzyparkami.eu\/wp-content\/uploads\/2025\/11\/Menu-twarda-okladka-KRZYWE_page-0006-214x300.jpg 214w, http:\/\/miedzyparkami.eu\/wp-content\/uploads\/2025\/11\/Menu-twarda-okladka-KRZYWE_page-0006-768x1077.jpg 768w, http:\/\/miedzyparkami.eu\/wp-content\/uploads\/2025\/11\/Menu-twarda-okladka-KRZYWE_page-0006-1095x1536.jpg 1095w, http:\/\/miedzyparkami.eu\/wp-content\/uploads\/2025\/11\/Menu-twarda-okladka-KRZYWE_page-0006.jpg 1278w\" sizes=\"auto, (max-width: 730px) 100vw, 730px\" \/><button\n\t\t\tclass=\"lightbox-trigger\"\n\t\t\ttype=\"button\"\n\t\t\taria-haspopup=\"dialog\"\n\t\t\taria-label=\"Powi\u0119ksz\"\n\t\t\tdata-wp-init=\"callbacks.initTriggerButton\"\n\t\t\tdata-wp-on--click=\"actions.showLightbox\"\n\t\t\tdata-wp-style--right=\"state.imageButtonRight\"\n\t\t\tdata-wp-style--top=\"state.imageButtonTop\"\n\t\t>\n\t\t\t<svg xmlns=\"http:\/\/www.w3.org\/2000\/svg\" width=\"12\" height=\"12\" fill=\"none\" viewBox=\"0 0 12 12\">\n\t\t\t\t<path fill=\"#fff\" d=\"M2 0a2 2 0 0 0-2 2v2h1.5V2a.5.5 0 0 1 .5-.5h2V0H2Zm2 10.5H2a.5.5 0 0 1-.5-.5V8H0v2a2 2 0 0 0 2 2h2v-1.5ZM8 12v-1.5h2a.5.5 0 0 0 .5-.5V8H12v2a2 2 0 0 1-2 2H8Zm2-12a2 2 0 0 1 2 2v2h-1.5V2a.5.5 0 0 0-.5-.5H8V0h2Z\" \/>\n\t\t\t<\/svg>\n\t\t<\/button><\/figure>\n\n\n\n<figure data-wp-context=\"{&quot;imageId&quot;:&quot;69e23c39e9fa0&quot;}\" data-wp-interactive=\"core\/image\" data-wp-key=\"69e23c39e9fa0\" class=\"wp-block-image size-large wp-lightbox-container\"><img loading=\"lazy\" decoding=\"async\" width=\"730\" height=\"1024\" data-wp-class--hide=\"state.isContentHidden\" data-wp-class--show=\"state.isContentVisible\" data-wp-init=\"callbacks.setButtonStyles\" data-wp-on--click=\"actions.showLightbox\" data-wp-on--load=\"callbacks.setButtonStyles\" data-wp-on-window--resize=\"callbacks.setButtonStyles\" data-id=\"130\" src=\"https:\/\/miedzyparkami.eu\/wp-content\/uploads\/2025\/11\/Menu-twarda-okladka-KRZYWE_page-0005-730x1024.jpg\" alt=\"\" class=\"wp-image-130\" srcset=\"http:\/\/miedzyparkami.eu\/wp-content\/uploads\/2025\/11\/Menu-twarda-okladka-KRZYWE_page-0005-730x1024.jpg 730w, http:\/\/miedzyparkami.eu\/wp-content\/uploads\/2025\/11\/Menu-twarda-okladka-KRZYWE_page-0005-214x300.jpg 214w, http:\/\/miedzyparkami.eu\/wp-content\/uploads\/2025\/11\/Menu-twarda-okladka-KRZYWE_page-0005-768x1077.jpg 768w, http:\/\/miedzyparkami.eu\/wp-content\/uploads\/2025\/11\/Menu-twarda-okladka-KRZYWE_page-0005-1095x1536.jpg 1095w, http:\/\/miedzyparkami.eu\/wp-content\/uploads\/2025\/11\/Menu-twarda-okladka-KRZYWE_page-0005.jpg 1278w\" sizes=\"auto, (max-width: 730px) 100vw, 730px\" \/><button\n\t\t\tclass=\"lightbox-trigger\"\n\t\t\ttype=\"button\"\n\t\t\taria-haspopup=\"dialog\"\n\t\t\taria-label=\"Powi\u0119ksz\"\n\t\t\tdata-wp-init=\"callbacks.initTriggerButton\"\n\t\t\tdata-wp-on--click=\"actions.showLightbox\"\n\t\t\tdata-wp-style--right=\"state.imageButtonRight\"\n\t\t\tdata-wp-style--top=\"state.imageButtonTop\"\n\t\t>\n\t\t\t<svg xmlns=\"http:\/\/www.w3.org\/2000\/svg\" width=\"12\" height=\"12\" fill=\"none\" viewBox=\"0 0 12 12\">\n\t\t\t\t<path fill=\"#fff\" d=\"M2 0a2 2 0 0 0-2 2v2h1.5V2a.5.5 0 0 1 .5-.5h2V0H2Zm2 10.5H2a.5.5 0 0 1-.5-.5V8H0v2a2 2 0 0 0 2 2h2v-1.5ZM8 12v-1.5h2a.5.5 0 0 0 .5-.5V8H12v2a2 2 0 0 1-2 2H8Zm2-12a2 2 0 0 1 2 2v2h-1.5V2a.5.5 0 0 0-.5-.5H8V0h2Z\" \/>\n\t\t\t<\/svg>\n\t\t<\/button><\/figure>\n\n\n\n<figure data-wp-context=\"{&quot;imageId&quot;:&quot;69e23c39ea45c&quot;}\" data-wp-interactive=\"core\/image\" data-wp-key=\"69e23c39ea45c\" class=\"wp-block-image size-large wp-lightbox-container\"><img loading=\"lazy\" decoding=\"async\" width=\"730\" height=\"1024\" data-wp-class--hide=\"state.isContentHidden\" data-wp-class--show=\"state.isContentVisible\" data-wp-init=\"callbacks.setButtonStyles\" data-wp-on--click=\"actions.showLightbox\" data-wp-on--load=\"callbacks.setButtonStyles\" data-wp-on-window--resize=\"callbacks.setButtonStyles\" data-id=\"131\" src=\"https:\/\/miedzyparkami.eu\/wp-content\/uploads\/2025\/11\/Menu-twarda-okladka-KRZYWE_page-0004-730x1024.jpg\" alt=\"\" class=\"wp-image-131\" srcset=\"http:\/\/miedzyparkami.eu\/wp-content\/uploads\/2025\/11\/Menu-twarda-okladka-KRZYWE_page-0004-730x1024.jpg 730w, http:\/\/miedzyparkami.eu\/wp-content\/uploads\/2025\/11\/Menu-twarda-okladka-KRZYWE_page-0004-214x300.jpg 214w, http:\/\/miedzyparkami.eu\/wp-content\/uploads\/2025\/11\/Menu-twarda-okladka-KRZYWE_page-0004-768x1077.jpg 768w, http:\/\/miedzyparkami.eu\/wp-content\/uploads\/2025\/11\/Menu-twarda-okladka-KRZYWE_page-0004-1095x1536.jpg 1095w, http:\/\/miedzyparkami.eu\/wp-content\/uploads\/2025\/11\/Menu-twarda-okladka-KRZYWE_page-0004.jpg 1278w\" sizes=\"auto, (max-width: 730px) 100vw, 730px\" \/><button\n\t\t\tclass=\"lightbox-trigger\"\n\t\t\ttype=\"button\"\n\t\t\taria-haspopup=\"dialog\"\n\t\t\taria-label=\"Powi\u0119ksz\"\n\t\t\tdata-wp-init=\"callbacks.initTriggerButton\"\n\t\t\tdata-wp-on--click=\"actions.showLightbox\"\n\t\t\tdata-wp-style--right=\"state.imageButtonRight\"\n\t\t\tdata-wp-style--top=\"state.imageButtonTop\"\n\t\t>\n\t\t\t<svg xmlns=\"http:\/\/www.w3.org\/2000\/svg\" width=\"12\" height=\"12\" fill=\"none\" viewBox=\"0 0 12 12\">\n\t\t\t\t<path fill=\"#fff\" d=\"M2 0a2 2 0 0 0-2 2v2h1.5V2a.5.5 0 0 1 .5-.5h2V0H2Zm2 10.5H2a.5.5 0 0 1-.5-.5V8H0v2a2 2 0 0 0 2 2h2v-1.5ZM8 12v-1.5h2a.5.5 0 0 0 .5-.5V8H12v2a2 2 0 0 1-2 2H8Zm2-12a2 2 0 0 1 2 2v2h-1.5V2a.5.5 0 0 0-.5-.5H8V0h2Z\" \/>\n\t\t\t<\/svg>\n\t\t<\/button><\/figure>\n<\/figure>\n","protected":false},"excerpt":{"rendered":"<p>Mi\u0119dzy Parkami \u2013 kulinarna podr\u00f3\u017c po polskich smakach! W naszej restauracji serwujemy wyj\u0105tkowe dania z ryb, w tym karpia milickiego, sandacza, dorsza i okonia. Nasza kuchnia to ho\u0142d dla polskich tradycji, gdzie \u015bwie\u017ce, lokalne sk\u0142adniki \u0142\u0105cz\u0105 si\u0119 z wyj\u0105tkowymi recepturami. Zapraszamy do delektowania si\u0119 bogactwem smak\u00f3w i aromat\u00f3w naszej kuchni regionalnej. &#x1f4de; Restauracja \u2013 tel. &hellip; <\/p>\n<p class=\"link-more\"><a href=\"http:\/\/miedzyparkami.eu\/index.php\/sekcja-strony-glownej\/\" class=\"more-link\">Czytaj dalej<span class=\"screen-reader-text\"> \u201eRESTAURACJA\u201d<\/span><\/a><\/p>\n","protected":false},"author":1,"featured_media":55,"parent":0,"menu_order":0,"comment_status":"closed","ping_status":"closed","template":"","meta":{"_uag_custom_page_level_css":"","footnotes":""},"class_list":["post-15","page","type-page","status-publish","has-post-thumbnail","hentry"],"magazineBlocksPostFeaturedMedia":{"thumbnail":"http:\/\/miedzyparkami.eu\/wp-content\/uploads\/2025\/11\/pieczony-kurczak-przyozdobiony-szparagami-i-ziolami-150x150.jpg","medium":"http:\/\/miedzyparkami.eu\/wp-content\/uploads\/2025\/11\/pieczony-kurczak-przyozdobiony-szparagami-i-ziolami-300x201.jpg","medium_large":"http:\/\/miedzyparkami.eu\/wp-content\/uploads\/2025\/11\/pieczony-kurczak-przyozdobiony-szparagami-i-ziolami-768x515.jpg","large":"http:\/\/miedzyparkami.eu\/wp-content\/uploads\/2025\/11\/pieczony-kurczak-przyozdobiony-szparagami-i-ziolami-1024x686.jpg","1536x1536":"http:\/\/miedzyparkami.eu\/wp-content\/uploads\/2025\/11\/pieczony-kurczak-przyozdobiony-szparagami-i-ziolami-1536x1030.jpg","2048x2048":"http:\/\/miedzyparkami.eu\/wp-content\/uploads\/2025\/11\/pieczony-kurczak-przyozdobiony-szparagami-i-ziolami.jpg","twentyseventeen-featured-image":"http:\/\/miedzyparkami.eu\/wp-content\/uploads\/2025\/11\/pieczony-kurczak-przyozdobiony-szparagami-i-ziolami-1920x1200.jpg","twentyseventeen-thumbnail-avatar":"http:\/\/miedzyparkami.eu\/wp-content\/uploads\/2025\/11\/pieczony-kurczak-przyozdobiony-szparagami-i-ziolami-100x100.jpg"},"magazineBlocksPostAuthor":{"name":"admin","avatar":"https:\/\/secure.gravatar.com\/avatar\/d904a959c22bf35312b0c4a49bad4e1c0cc404951b1d1cd3181e42badb4bc54b?s=96&d=mm&r=g"},"magazineBlocksPostCommentsNumber":false,"magazineBlocksPostExcerpt":"Mi\u0119dzy Parkami \u2013 kulinarna podr\u00f3\u017c po polskich smakach! W naszej restauracji serwujemy wyj\u0105tkowe dania z ryb, w tym karpia milickiego, sandacza, dorsza i okonia. Nasza kuchnia to ho\u0142d dla polskich tradycji, gdzie \u015bwie\u017ce, lokalne sk\u0142adniki \u0142\u0105cz\u0105 si\u0119 z wyj\u0105tkowymi recepturami. Zapraszamy do delektowania si\u0119 bogactwem smak\u00f3w i aromat\u00f3w naszej kuchni regionalnej. &#x1f4de; Restauracja \u2013 tel. &hellip; <p class=\"link-more\"><a href=\"http:\/\/miedzyparkami.eu\/index.php\/sekcja-strony-glownej\/\" class=\"more-link\">Czytaj dalej<span class=\"screen-reader-text\"> \u201eRESTAURACJA\u201d<\/span><\/a><\/p>","magazineBlocksPostCategories":[],"magazineBlocksPostViewCount":0,"magazineBlocksPostReadTime":1,"uagb_featured_image_src":{"full":["http:\/\/miedzyparkami.eu\/wp-content\/uploads\/2025\/11\/pieczony-kurczak-przyozdobiony-szparagami-i-ziolami.jpg",1920,1287,false],"thumbnail":["http:\/\/miedzyparkami.eu\/wp-content\/uploads\/2025\/11\/pieczony-kurczak-przyozdobiony-szparagami-i-ziolami-150x150.jpg",150,150,true],"medium":["http:\/\/miedzyparkami.eu\/wp-content\/uploads\/2025\/11\/pieczony-kurczak-przyozdobiony-szparagami-i-ziolami-300x201.jpg",300,201,true],"medium_large":["http:\/\/miedzyparkami.eu\/wp-content\/uploads\/2025\/11\/pieczony-kurczak-przyozdobiony-szparagami-i-ziolami-768x515.jpg",525,352,true],"large":["http:\/\/miedzyparkami.eu\/wp-content\/uploads\/2025\/11\/pieczony-kurczak-przyozdobiony-szparagami-i-ziolami-1024x686.jpg",525,352,true],"1536x1536":["http:\/\/miedzyparkami.eu\/wp-content\/uploads\/2025\/11\/pieczony-kurczak-przyozdobiony-szparagami-i-ziolami-1536x1030.jpg",1536,1030,true],"2048x2048":["http:\/\/miedzyparkami.eu\/wp-content\/uploads\/2025\/11\/pieczony-kurczak-przyozdobiony-szparagami-i-ziolami.jpg",1920,1287,false],"twentyseventeen-featured-image":["http:\/\/miedzyparkami.eu\/wp-content\/uploads\/2025\/11\/pieczony-kurczak-przyozdobiony-szparagami-i-ziolami-1920x1200.jpg",1920,1200,true],"twentyseventeen-thumbnail-avatar":["http:\/\/miedzyparkami.eu\/wp-content\/uploads\/2025\/11\/pieczony-kurczak-przyozdobiony-szparagami-i-ziolami-100x100.jpg",100,100,true]},"uagb_author_info":{"display_name":"admin","author_link":"http:\/\/miedzyparkami.eu\/index.php\/author\/admin\/"},"uagb_comment_info":0,"uagb_excerpt":"Mi\u0119dzy Parkami \u2013 kulinarna podr\u00f3\u017c po polskich smakach! W naszej restauracji serwujemy wyj\u0105tkowe dania z ryb, w tym karpia milickiego, sandacza, dorsza i okonia. Nasza kuchnia to ho\u0142d dla polskich tradycji, gdzie \u015bwie\u017ce, lokalne sk\u0142adniki \u0142\u0105cz\u0105 si\u0119 z wyj\u0105tkowymi recepturami. Zapraszamy do delektowania si\u0119 bogactwem smak\u00f3w i aromat\u00f3w naszej kuchni regionalnej. &#x1f4de; Restauracja \u2013 tel.&hellip;","_links":{"self":[{"href":"http:\/\/miedzyparkami.eu\/index.php\/wp-json\/wp\/v2\/pages\/15","targetHints":{"allow":["GET"]}}],"collection":[{"href":"http:\/\/miedzyparkami.eu\/index.php\/wp-json\/wp\/v2\/pages"}],"about":[{"href":"http:\/\/miedzyparkami.eu\/index.php\/wp-json\/wp\/v2\/types\/page"}],"author":[{"embeddable":true,"href":"http:\/\/miedzyparkami.eu\/index.php\/wp-json\/wp\/v2\/users\/1"}],"replies":[{"embeddable":true,"href":"http:\/\/miedzyparkami.eu\/index.php\/wp-json\/wp\/v2\/comments?post=15"}],"version-history":[{"count":31,"href":"http:\/\/miedzyparkami.eu\/index.php\/wp-json\/wp\/v2\/pages\/15\/revisions"}],"predecessor-version":[{"id":182,"href":"http:\/\/miedzyparkami.eu\/index.php\/wp-json\/wp\/v2\/pages\/15\/revisions\/182"}],"wp:featuredmedia":[{"embeddable":true,"href":"http:\/\/miedzyparkami.eu\/index.php\/wp-json\/wp\/v2\/media\/55"}],"wp:attachment":[{"href":"http:\/\/miedzyparkami.eu\/index.php\/wp-json\/wp\/v2\/media?parent=15"}],"curies":[{"name":"wp","href":"https:\/\/api.w.org\/{rel}","templated":true}]}}