{"id":62,"date":"2025-11-16T19:18:44","date_gmt":"2025-11-16T18:18:44","guid":{"rendered":"https:\/\/miedzyparkami.eu\/?page_id=62"},"modified":"2025-11-26T20:50:32","modified_gmt":"2025-11-26T19:50:32","slug":"noclegi","status":"publish","type":"page","link":"http:\/\/miedzyparkami.eu\/index.php\/noclegi\/","title":{"rendered":"NOCLEGI"},"content":{"rendered":"\n<p><strong>Zatrzymaj si\u0119 w Mi\u0119dzy Parkami&nbsp;<\/strong><\/p>\n\n\n\n<p>Zapraszamy do naszych&nbsp; pokoi, gdzie przytulna atmosfera \u0142\u0105cz\u0105 si\u0119 z blisko\u015bci\u0105 natury. Oferujemy wygodne noclegi, kt\u00f3re pozwol\u0105 Ci si\u0119 zrelaksowa\u0107 po dniu pe\u0142nym wra\u017ce\u0144.&nbsp;<\/p>\n\n\n\n<p>&#x1f4de; Noclegi \u2013 tel. 515 922 544<\/p>\n\n\n\n<div class=\"wp-block-blockspare-blockspare-slider blockspare-ee84dc00-b06e-4\" blockspare-animation=\"\"><style>.blockspare-ee84dc00-b06e-4 .blockspare-slider-wrap span:before{color:#000}.blockspare-ee84dc00-b06e-4 .blockspare-slider-wrap ul li button{color:#000}.blockspare-ee84dc00-b06e-4 .blockspare-slider-wrap .slick-slider .slick-dots > li button{background-color:#000}.blockspare-ee84dc00-b06e-4 .blockspare-slider-wrap .blockspare-gallery-figure{border-radius:0px}.blockspare-ee84dc00-b06e-4 .slick-slider .slick-arrow:after{background-color:#fff}.blockspare-ee84dc00-b06e-4 .blockspare-slider-wrap{margin-top:30px;margin-right:0px;margin-bottom:30px;margin-left:0px}<\/style><div class=\"blockspare-blocks blockspare-slider-wrap has-gutter-space-1 blockspare-original lpc-navigation-1 blockspare-navigation-small bs-has-equal-height\"><div class=\"blockspare-carousel-items\"><div data-next=\"fas fa-chevron-right\" data-prev=\"fas fa-chevron-left\" data-slick=\"{&quot;autoplay&quot;:true,&quot;slidesToShow&quot;:1,&quot;speed&quot;:&quot;1000&quot;,&quot;arrows&quot;:true,&quot;dots&quot;:false}\"><div><div class=\"blockspare-gallery-figure blockspare-hover-item\"> <img decoding=\"async\" src=\"http:\/\/miedzyparkami.eu\/wp-content\/uploads\/2025\/11\/470181886_569932555809306_5809175351695521103_n.jpg\"\/><\/div><\/div><div><div class=\"blockspare-gallery-figure blockspare-hover-item\"> <img decoding=\"async\" src=\"http:\/\/miedzyparkami.eu\/wp-content\/uploads\/2025\/11\/470068862_569932469142648_6801578335270646786_n.jpg\"\/><\/div><\/div><div><div class=\"blockspare-gallery-figure blockspare-hover-item\"> <img decoding=\"async\" src=\"http:\/\/miedzyparkami.eu\/wp-content\/uploads\/2025\/11\/470170735_569932465809315_7888375112160386487_n.jpg\"\/><\/div><\/div><div><div class=\"blockspare-gallery-figure blockspare-hover-item\"> <img decoding=\"async\" src=\"http:\/\/miedzyparkami.eu\/wp-content\/uploads\/2025\/11\/470211585_569932572475971_8391223561942083759_n.jpg\"\/><\/div><\/div><div><div class=\"blockspare-gallery-figure blockspare-hover-item\"> <img decoding=\"async\" src=\"http:\/\/miedzyparkami.eu\/wp-content\/uploads\/2025\/11\/470219080_569909609144934_3714890498247036618_n.jpg\"\/><\/div><\/div><div><div class=\"blockspare-gallery-figure blockspare-hover-item\"> <img decoding=\"async\" src=\"http:\/\/miedzyparkami.eu\/wp-content\/uploads\/2025\/11\/470171083_569909815811580_3320169112874716077_n.jpg\"\/><\/div><\/div><div><div class=\"blockspare-gallery-figure blockspare-hover-item\"> <img decoding=\"async\" src=\"http:\/\/miedzyparkami.eu\/wp-content\/uploads\/2025\/11\/469859105_569932445809317_5706384235598516137_n.jpg\"\/><\/div><\/div><div><div class=\"blockspare-gallery-figure blockspare-hover-item\"> <img decoding=\"async\" src=\"http:\/\/miedzyparkami.eu\/wp-content\/uploads\/2025\/11\/469984130_569932459142649_8764660612646108326_n.jpg\"\/><\/div><\/div><div><div class=\"blockspare-gallery-figure blockspare-hover-item\"> <img decoding=\"async\" src=\"http:\/\/miedzyparkami.eu\/wp-content\/uploads\/2025\/11\/469934159_569909552478273_3179008149637001443_n.jpg\"\/><\/div><\/div><\/div><\/div><\/div><\/div>\n","protected":false},"excerpt":{"rendered":"<p>Zatrzymaj si\u0119 w Mi\u0119dzy Parkami&nbsp; Zapraszamy do naszych&nbsp; pokoi, gdzie przytulna atmosfera \u0142\u0105cz\u0105 si\u0119 z blisko\u015bci\u0105 natury. Oferujemy wygodne noclegi, kt\u00f3re pozwol\u0105 Ci si\u0119 zrelaksowa\u0107 po dniu pe\u0142nym wra\u017ce\u0144.&nbsp; &#x1f4de; Noclegi \u2013 tel. 515 922 544<\/p>\n","protected":false},"author":1,"featured_media":176,"parent":0,"menu_order":0,"comment_status":"closed","ping_status":"closed","template":"","meta":{"_uag_custom_page_level_css":"","footnotes":""},"class_list":["post-62","page","type-page","status-publish","has-post-thumbnail","hentry"],"magazineBlocksPostFeaturedMedia":{"thumbnail":"http:\/\/miedzyparkami.eu\/wp-content\/uploads\/2025\/11\/pokoj-nr-3-150x150.jpg","medium":"http:\/\/miedzyparkami.eu\/wp-content\/uploads\/2025\/11\/pokoj-nr-3-300x169.jpg","medium_large":"http:\/\/miedzyparkami.eu\/wp-content\/uploads\/2025\/11\/pokoj-nr-3-768x432.jpg","large":"http:\/\/miedzyparkami.eu\/wp-content\/uploads\/2025\/11\/pokoj-nr-3-1024x576.jpg","1536x1536":"http:\/\/miedzyparkami.eu\/wp-content\/uploads\/2025\/11\/pokoj-nr-3-1536x864.jpg","2048x2048":"http:\/\/miedzyparkami.eu\/wp-content\/uploads\/2025\/11\/pokoj-nr-3.jpg","twentyseventeen-featured-image":"http:\/\/miedzyparkami.eu\/wp-content\/uploads\/2025\/11\/pokoj-nr-3.jpg","twentyseventeen-thumbnail-avatar":"http:\/\/miedzyparkami.eu\/wp-content\/uploads\/2025\/11\/pokoj-nr-3-100x100.jpg"},"magazineBlocksPostAuthor":{"name":"admin","avatar":"https:\/\/secure.gravatar.com\/avatar\/d904a959c22bf35312b0c4a49bad4e1c0cc404951b1d1cd3181e42badb4bc54b?s=96&d=mm&r=g"},"magazineBlocksPostCommentsNumber":false,"magazineBlocksPostExcerpt":"Zatrzymaj si\u0119 w Mi\u0119dzy Parkami&nbsp; Zapraszamy do naszych&nbsp; pokoi, gdzie przytulna atmosfera \u0142\u0105cz\u0105 si\u0119 z blisko\u015bci\u0105 natury. Oferujemy wygodne noclegi, kt\u00f3re pozwol\u0105 Ci si\u0119 zrelaksowa\u0107 po dniu pe\u0142nym wra\u017ce\u0144.&nbsp; &#x1f4de; Noclegi \u2013 tel. 515 922 544","magazineBlocksPostCategories":[],"magazineBlocksPostViewCount":0,"magazineBlocksPostReadTime":1,"uagb_featured_image_src":{"full":["http:\/\/miedzyparkami.eu\/wp-content\/uploads\/2025\/11\/pokoj-nr-3.jpg",1920,1080,false],"thumbnail":["http:\/\/miedzyparkami.eu\/wp-content\/uploads\/2025\/11\/pokoj-nr-3-150x150.jpg",150,150,true],"medium":["http:\/\/miedzyparkami.eu\/wp-content\/uploads\/2025\/11\/pokoj-nr-3-300x169.jpg",300,169,true],"medium_large":["http:\/\/miedzyparkami.eu\/wp-content\/uploads\/2025\/11\/pokoj-nr-3-768x432.jpg",525,295,true],"large":["http:\/\/miedzyparkami.eu\/wp-content\/uploads\/2025\/11\/pokoj-nr-3-1024x576.jpg",525,295,true],"1536x1536":["http:\/\/miedzyparkami.eu\/wp-content\/uploads\/2025\/11\/pokoj-nr-3-1536x864.jpg",1536,864,true],"2048x2048":["http:\/\/miedzyparkami.eu\/wp-content\/uploads\/2025\/11\/pokoj-nr-3.jpg",1920,1080,false],"twentyseventeen-featured-image":["http:\/\/miedzyparkami.eu\/wp-content\/uploads\/2025\/11\/pokoj-nr-3.jpg",1920,1080,false],"twentyseventeen-thumbnail-avatar":["http:\/\/miedzyparkami.eu\/wp-content\/uploads\/2025\/11\/pokoj-nr-3-100x100.jpg",100,100,true]},"uagb_author_info":{"display_name":"admin","author_link":"http:\/\/miedzyparkami.eu\/index.php\/author\/admin\/"},"uagb_comment_info":0,"uagb_excerpt":"Zatrzymaj si\u0119 w Mi\u0119dzy Parkami&nbsp; Zapraszamy do naszych&nbsp; pokoi, gdzie przytulna atmosfera \u0142\u0105cz\u0105 si\u0119 z blisko\u015bci\u0105 natury. Oferujemy wygodne noclegi, kt\u00f3re pozwol\u0105 Ci si\u0119 zrelaksowa\u0107 po dniu pe\u0142nym wra\u017ce\u0144.&nbsp; &#x1f4de; Noclegi \u2013 tel. 515 922 544","_links":{"self":[{"href":"http:\/\/miedzyparkami.eu\/index.php\/wp-json\/wp\/v2\/pages\/62","targetHints":{"allow":["GET"]}}],"collection":[{"href":"http:\/\/miedzyparkami.eu\/index.php\/wp-json\/wp\/v2\/pages"}],"about":[{"href":"http:\/\/miedzyparkami.eu\/index.php\/wp-json\/wp\/v2\/types\/page"}],"author":[{"embeddable":true,"href":"http:\/\/miedzyparkami.eu\/index.php\/wp-json\/wp\/v2\/users\/1"}],"replies":[{"embeddable":true,"href":"http:\/\/miedzyparkami.eu\/index.php\/wp-json\/wp\/v2\/comments?post=62"}],"version-history":[{"count":8,"href":"http:\/\/miedzyparkami.eu\/index.php\/wp-json\/wp\/v2\/pages\/62\/revisions"}],"predecessor-version":[{"id":177,"href":"http:\/\/miedzyparkami.eu\/index.php\/wp-json\/wp\/v2\/pages\/62\/revisions\/177"}],"wp:featuredmedia":[{"embeddable":true,"href":"http:\/\/miedzyparkami.eu\/index.php\/wp-json\/wp\/v2\/media\/176"}],"wp:attachment":[{"href":"http:\/\/miedzyparkami.eu\/index.php\/wp-json\/wp\/v2\/media?parent=62"}],"curies":[{"name":"wp","href":"https:\/\/api.w.org\/{rel}","templated":true}]}}