{"id":11,"date":"2025-11-16T18:10:43","date_gmt":"2025-11-16T17:10:43","guid":{"rendered":"https:\/\/miedzyparkami.eu\/?page_id=11"},"modified":"2025-11-16T21:41:29","modified_gmt":"2025-11-16T20:41:29","slug":"strona-glowna","status":"publish","type":"page","link":"https:\/\/miedzyparkami.eu\/","title":{"rendered":"Mi\u0119dzy Parkami \u2013 odpocznij w samym sercu Doliny Baryczy!"},"content":{"rendered":"\n<p>Zapraszamy do Mi\u0119dzy Parkami \u2013 Oferujemy noclegi w przytulnych pokojach, wy\u015bmienit\u0105 kuchni\u0119 w naszej restauracji. Dla mi\u0142o\u015bnik\u00f3w aktywnego wypoczynku proponujemy nasz\u0105 wypo\u017cyczalni\u0119 kajak\u00f3w, dzi\u0119ki kt\u00f3rej odkryjesz pi\u0119kno rzeki Barycz.<\/p>\n\n\n\n<figure class=\"wp-block-audio\"><audio controls src=\"https:\/\/miedzyparkami.eu\/wp-content\/uploads\/2025\/11\/AUD-20251116-WA0027.mp3\" autoplay><\/audio><\/figure>\n","protected":false},"excerpt":{"rendered":"<p>Zapraszamy do Mi\u0119dzy Parkami \u2013 Oferujemy noclegi w przytulnych pokojach, wy\u015bmienit\u0105 kuchni\u0119 w naszej restauracji. Dla mi\u0142o\u015bnik\u00f3w aktywnego wypoczynku proponujemy nasz\u0105 wypo\u017cyczalni\u0119 kajak\u00f3w, dzi\u0119ki kt\u00f3rej odkryjesz pi\u0119kno rzeki Barycz.<\/p>\n","protected":false},"author":1,"featured_media":0,"parent":0,"menu_order":0,"comment_status":"closed","ping_status":"closed","template":"","meta":{"_uag_custom_page_level_css":"","footnotes":""},"class_list":["post-11","page","type-page","status-publish","hentry"],"magazineBlocksPostFeaturedMedia":{"thumbnail":false,"medium":false,"medium_large":false,"large":false,"1536x1536":false,"2048x2048":false,"twentyseventeen-featured-image":false,"twentyseventeen-thumbnail-avatar":false},"magazineBlocksPostAuthor":{"name":"admin","avatar":"https:\/\/secure.gravatar.com\/avatar\/d904a959c22bf35312b0c4a49bad4e1c0cc404951b1d1cd3181e42badb4bc54b?s=96&d=mm&r=g"},"magazineBlocksPostCommentsNumber":false,"magazineBlocksPostExcerpt":"Zapraszamy do Mi\u0119dzy Parkami \u2013 Oferujemy noclegi w przytulnych pokojach, wy\u015bmienit\u0105 kuchni\u0119 w naszej restauracji. Dla mi\u0142o\u015bnik\u00f3w aktywnego wypoczynku proponujemy nasz\u0105 wypo\u017cyczalni\u0119 kajak\u00f3w, dzi\u0119ki kt\u00f3rej odkryjesz pi\u0119kno rzeki Barycz.","magazineBlocksPostCategories":[],"magazineBlocksPostViewCount":0,"magazineBlocksPostReadTime":1,"uagb_featured_image_src":{"full":false,"thumbnail":false,"medium":false,"medium_large":false,"large":false,"1536x1536":false,"2048x2048":false,"twentyseventeen-featured-image":false,"twentyseventeen-thumbnail-avatar":false},"uagb_author_info":{"display_name":"admin","author_link":"https:\/\/miedzyparkami.eu\/index.php\/author\/admin\/"},"uagb_comment_info":0,"uagb_excerpt":"Zapraszamy do Mi\u0119dzy Parkami \u2013 Oferujemy noclegi w przytulnych pokojach, wy\u015bmienit\u0105 kuchni\u0119 w naszej restauracji. Dla mi\u0142o\u015bnik\u00f3w aktywnego wypoczynku proponujemy nasz\u0105 wypo\u017cyczalni\u0119 kajak\u00f3w, dzi\u0119ki kt\u00f3rej odkryjesz pi\u0119kno rzeki Barycz.","_links":{"self":[{"href":"https:\/\/miedzyparkami.eu\/index.php\/wp-json\/wp\/v2\/pages\/11","targetHints":{"allow":["GET"]}}],"collection":[{"href":"https:\/\/miedzyparkami.eu\/index.php\/wp-json\/wp\/v2\/pages"}],"about":[{"href":"https:\/\/miedzyparkami.eu\/index.php\/wp-json\/wp\/v2\/types\/page"}],"author":[{"embeddable":true,"href":"https:\/\/miedzyparkami.eu\/index.php\/wp-json\/wp\/v2\/users\/1"}],"replies":[{"embeddable":true,"href":"https:\/\/miedzyparkami.eu\/index.php\/wp-json\/wp\/v2\/comments?post=11"}],"version-history":[{"count":5,"href":"https:\/\/miedzyparkami.eu\/index.php\/wp-json\/wp\/v2\/pages\/11\/revisions"}],"predecessor-version":[{"id":173,"href":"https:\/\/miedzyparkami.eu\/index.php\/wp-json\/wp\/v2\/pages\/11\/revisions\/173"}],"wp:attachment":[{"href":"https:\/\/miedzyparkami.eu\/index.php\/wp-json\/wp\/v2\/media?parent=11"}],"curies":[{"name":"wp","href":"https:\/\/api.w.org\/{rel}","templated":true}]}}